{"id":2007,"date":"2026-03-25T18:10:07","date_gmt":"2026-03-25T17:10:07","guid":{"rendered":"https:\/\/nmkt.lalaho.sk\/contact\/"},"modified":"2026-04-17T19:14:25","modified_gmt":"2026-04-17T17:14:25","slug":"contact","status":"publish","type":"page","link":"https:\/\/nmkt.lalaho.sk\/en\/contact\/","title":{"rendered":"Contact"},"content":{"rendered":"\t\t<div data-elementor-type=\"wp-page\" data-elementor-id=\"2007\" class=\"elementor elementor-2007 elementor-39\" data-elementor-post-type=\"page\">\n\t\t\t\t<div data-dce-background-image-url=\"https:\/\/nmkt.lalaho.sk\/wp-content\/uploads\/2026\/03\/bgr-1.png\" class=\"elementor-element elementor-element-988dbe2 e-flex e-con-boxed e-con e-parent\" data-id=\"988dbe2\" data-element_type=\"container\" data-e-type=\"container\" data-settings=\"{&quot;background_background&quot;:&quot;classic&quot;,&quot;jet_parallax_layout_list&quot;:[]}\">\n\t\t\t\t\t<div class=\"e-con-inner\">\n\t\t<div class=\"elementor-element elementor-element-113eaa2 e-con-full e-flex e-con e-child\" data-id=\"113eaa2\" data-element_type=\"container\" data-e-type=\"container\" data-settings=\"{&quot;jet_parallax_layout_list&quot;:[]}\">\n\t\t<div data-dce-background-color=\"#FFFFFF\" data-dce-background-image-url=\"https:\/\/nmkt.lalaho.sk\/wp-content\/uploads\/2026\/04\/small-m.png\" class=\"elementor-element elementor-element-e523262 e-con-full e-flex e-con e-child\" data-id=\"e523262\" data-element_type=\"container\" data-e-type=\"container\" data-settings=\"{&quot;background_background&quot;:&quot;classic&quot;,&quot;jet_parallax_layout_list&quot;:[]}\">\n\t\t\t\t<div data-dce-text-color=\"#000000\" class=\"elementor-element elementor-element-cae4cdf elementor-widget elementor-widget-text-editor\" data-id=\"cae4cdf\" data-element_type=\"widget\" data-e-type=\"widget\" data-widget_type=\"text-editor.default\">\n\t\t\t\t\t\t\t\t\t<p>International Society for Contemporary Music &#8211; Slovak Section (ISCM)<br>Meden\u00e1 29<br>811 02 Bratislava<\/p>\t\t\t\t\t\t\t\t<\/div>\n\t\t\t\t<div class=\"elementor-element elementor-element-e05e604 elementor-widget elementor-widget-button\" data-id=\"e05e604\" data-element_type=\"widget\" data-e-type=\"widget\" data-widget_type=\"button.default\">\n\t\t\t\t\t\t\t\t\t\t<a class=\"elementor-button elementor-button-link elementor-size-sm\" href=\"https:\/\/iscm-slovakia.org\" target=\"_blank\">\n\t\t\t\t\t\t<span class=\"elementor-button-content-wrapper\">\n\t\t\t\t\t\t<span class=\"elementor-button-icon\">\n\t\t\t\t<svg aria-hidden=\"true\" class=\"e-font-icon-svg e-fas-arrow-right\" viewBox=\"0 0 448 512\" xmlns=\"http:\/\/www.w3.org\/2000\/svg\"><path d=\"M190.5 66.9l22.2-22.2c9.4-9.4 24.6-9.4 33.9 0L441 239c9.4 9.4 9.4 24.6 0 33.9L246.6 467.3c-9.4 9.4-24.6 9.4-33.9 0l-22.2-22.2c-9.5-9.5-9.3-25 .4-34.3L311.4 296H24c-13.3 0-24-10.7-24-24v-32c0-13.3 10.7-24 24-24h287.4L190.9 101.2c-9.8-9.3-10-24.8-.4-34.3z\"><\/path><\/svg>\t\t\t<\/span>\n\t\t\t\t\t\t\t\t\t<span class=\"elementor-button-text\">ISCM website - Slovak section<\/span>\n\t\t\t\t\t<\/span>\n\t\t\t\t\t<\/a>\n\t\t\t\t\t\t\t\t<\/div>\n\t\t\t\t<\/div>\n\t\t<div class=\"elementor-element elementor-element-371a868 e-con-full e-flex e-con e-child\" data-id=\"371a868\" data-element_type=\"container\" data-e-type=\"container\" data-settings=\"{&quot;jet_parallax_layout_list&quot;:[]}\">\n\t\t<div class=\"elementor-element elementor-element-26f7198 e-con-full e-flex e-con e-child\" data-id=\"26f7198\" data-element_type=\"container\" data-e-type=\"container\" data-settings=\"{&quot;jet_parallax_layout_list&quot;:[]}\">\n\t\t\t\t<div class=\"elementor-element elementor-element-ebcf419 elementor-widget elementor-widget-jet-team-member\" data-id=\"ebcf419\" data-element_type=\"widget\" data-e-type=\"widget\" data-widget_type=\"jet-team-member.default\">\n\t\t\t\t<div class=\"elementor-widget-container\">\n\t\t\t\t\t<div class=\"elementor-jet-team-member jet-elements\"><div class=\"jet-team-member\">\n\t<div class=\"jet-team-member__inner\">\n\t\t\t<div class=\"jet-team-member__image\">\n\t\t\t<div class=\"jet-team-member__cover\"><\/div>\n\t\t\t<figure class=\"jet-team-member__figure\"><img decoding=\"async\" src=\"https:\/\/nmkt.lalaho.sk\/wp-content\/plugins\/elementor\/assets\/images\/placeholder.png\" class=\"jet-team-member__img-tag\" width=\"100%\" alt=\"\"><\/figure>\t\t<\/div>\n\t\t<div class=\"jet-team-member__content\"><h3 class=\"jet-team-member__name\"><span class=\"jet-team-member__name-first\">Luk\u00e1\u0161<\/span><span class=\"jet-team-member__name-last\"> Koll\u00e1r<\/span><\/h3><div class=\"jet-team-member__position\"><span>coordinator<\/span><\/div><div class=\"jet-team-member__socials\"><div class=\"jet-team-member__socials-item\"><a href=\"#\" aria-label=\"Twitter\" rel=\"nofollow\"><div class=\"jet-team-member__socials-icon\"><div class=\"inner\"><span class=\"jet-elements-icon\"><svg aria-hidden=\"true\" class=\"e-font-icon-svg e-fab-twitter\" viewBox=\"0 0 512 512\" xmlns=\"http:\/\/www.w3.org\/2000\/svg\"><path d=\"M459.37 151.716c.325 4.548.325 9.097.325 13.645 0 138.72-105.583 298.558-298.558 298.558-59.452 0-114.68-17.219-161.137-47.106 8.447.974 16.568 1.299 25.34 1.299 49.055 0 94.213-16.568 130.274-44.832-46.132-.975-84.792-31.188-98.112-72.772 6.498.974 12.995 1.624 19.818 1.624 9.421 0 18.843-1.3 27.614-3.573-48.081-9.747-84.143-51.98-84.143-102.985v-1.299c13.969 7.797 30.214 12.67 47.431 13.319-28.264-18.843-46.781-51.005-46.781-87.391 0-19.492 5.197-37.36 14.294-52.954 51.655 63.675 129.3 105.258 216.365 109.807-1.624-7.797-2.599-15.918-2.599-24.04 0-57.828 46.782-104.934 104.934-104.934 30.213 0 57.502 12.67 76.67 33.137 23.715-4.548 46.456-13.32 66.599-25.34-7.798 24.366-24.366 44.833-46.132 57.827 21.117-2.273 41.584-8.122 60.426-16.243-14.292 20.791-32.161 39.308-52.628 54.253z\"><\/path><\/svg><\/span><\/div><\/div><\/a><\/div><\/div><div class=\"jet-team-member__button-container\"><a class=\"elementor-button elementor-size-md jet-team-member__button\" href=\"#\">More<\/a><\/div><\/div>\n\t<\/div>\n\t<\/div>\n<\/div>\t\t\t\t<\/div>\n\t\t\t\t<\/div>\n\t\t\t\t<\/div>\n\t\t<div class=\"elementor-element elementor-element-5dc7ff1 e-con-full e-flex e-con e-child\" data-id=\"5dc7ff1\" data-element_type=\"container\" data-e-type=\"container\" data-settings=\"{&quot;jet_parallax_layout_list&quot;:[]}\">\n\t\t\t\t<div class=\"elementor-element elementor-element-215b709 elementor-widget elementor-widget-jet-team-member\" data-id=\"215b709\" data-element_type=\"widget\" data-e-type=\"widget\" data-widget_type=\"jet-team-member.default\">\n\t\t\t\t<div class=\"elementor-widget-container\">\n\t\t\t\t\t<div class=\"elementor-jet-team-member jet-elements\"><div class=\"jet-team-member\">\n\t<div class=\"jet-team-member__inner\">\n\t\t\t<div class=\"jet-team-member__image\">\n\t\t\t<div class=\"jet-team-member__cover\"><\/div>\n\t\t\t<figure class=\"jet-team-member__figure\"><img fetchpriority=\"high\" decoding=\"async\" width=\"2560\" height=\"1920\" src=\"https:\/\/nmkt.lalaho.sk\/wp-content\/uploads\/2026\/04\/SILLER_IVAN_Foto_Boris_Nemeth_004_DSF3530-1-scaled.jpg\" class=\"jet-team-member__img-tag\" alt=\"SILLER_IVAN_Foto_Boris_Nemeth_004_DSF3530-1\" srcset=\"https:\/\/nmkt.lalaho.sk\/wp-content\/uploads\/2026\/04\/SILLER_IVAN_Foto_Boris_Nemeth_004_DSF3530-1-scaled.jpg 2560w, https:\/\/nmkt.lalaho.sk\/wp-content\/uploads\/2026\/04\/SILLER_IVAN_Foto_Boris_Nemeth_004_DSF3530-1-300x225.jpg 300w, https:\/\/nmkt.lalaho.sk\/wp-content\/uploads\/2026\/04\/SILLER_IVAN_Foto_Boris_Nemeth_004_DSF3530-1-1024x768.jpg 1024w, https:\/\/nmkt.lalaho.sk\/wp-content\/uploads\/2026\/04\/SILLER_IVAN_Foto_Boris_Nemeth_004_DSF3530-1-768x576.jpg 768w, https:\/\/nmkt.lalaho.sk\/wp-content\/uploads\/2026\/04\/SILLER_IVAN_Foto_Boris_Nemeth_004_DSF3530-1-1536x1152.jpg 1536w, https:\/\/nmkt.lalaho.sk\/wp-content\/uploads\/2026\/04\/SILLER_IVAN_Foto_Boris_Nemeth_004_DSF3530-1-2048x1536.jpg 2048w\" sizes=\"(max-width: 2560px) 100vw, 2560px\" \/><\/figure>\t\t<\/div>\n\t\t<div class=\"jet-team-member__content\"><h3 class=\"jet-team-member__name\"><span class=\"jet-team-member__name-first\">Ivan<\/span><span class=\"jet-team-member__name-last\"> \u0160iller<\/span><\/h3><div class=\"jet-team-member__position\"><span>professional guarantor<\/span><\/div><div class=\"jet-team-member__socials\"><div class=\"jet-team-member__socials-item\"><a href=\"#\" aria-label=\"Twitter\" rel=\"nofollow\"><div class=\"jet-team-member__socials-icon\"><div class=\"inner\"><span class=\"jet-elements-icon\"><svg aria-hidden=\"true\" class=\"e-font-icon-svg e-fab-twitter\" viewBox=\"0 0 512 512\" xmlns=\"http:\/\/www.w3.org\/2000\/svg\"><path d=\"M459.37 151.716c.325 4.548.325 9.097.325 13.645 0 138.72-105.583 298.558-298.558 298.558-59.452 0-114.68-17.219-161.137-47.106 8.447.974 16.568 1.299 25.34 1.299 49.055 0 94.213-16.568 130.274-44.832-46.132-.975-84.792-31.188-98.112-72.772 6.498.974 12.995 1.624 19.818 1.624 9.421 0 18.843-1.3 27.614-3.573-48.081-9.747-84.143-51.98-84.143-102.985v-1.299c13.969 7.797 30.214 12.67 47.431 13.319-28.264-18.843-46.781-51.005-46.781-87.391 0-19.492 5.197-37.36 14.294-52.954 51.655 63.675 129.3 105.258 216.365 109.807-1.624-7.797-2.599-15.918-2.599-24.04 0-57.828 46.782-104.934 104.934-104.934 30.213 0 57.502 12.67 76.67 33.137 23.715-4.548 46.456-13.32 66.599-25.34-7.798 24.366-24.366 44.833-46.132 57.827 21.117-2.273 41.584-8.122 60.426-16.243-14.292 20.791-32.161 39.308-52.628 54.253z\"><\/path><\/svg><\/span><\/div><\/div><\/a><\/div><\/div><div class=\"jet-team-member__button-container\"><a class=\"elementor-button elementor-size-md jet-team-member__button\" href=\"#\">More<\/a><\/div><\/div>\n\t<\/div>\n\t<\/div>\n<\/div>\t\t\t\t<\/div>\n\t\t\t\t<\/div>\n\t\t\t\t<\/div>\n\t\t<div class=\"elementor-element elementor-element-818daee e-con-full e-flex e-con e-child\" data-id=\"818daee\" data-element_type=\"container\" data-e-type=\"container\" data-settings=\"{&quot;jet_parallax_layout_list&quot;:[]}\">\n\t\t\t\t<div class=\"elementor-element elementor-element-de331c4 elementor-widget elementor-widget-jet-team-member\" data-id=\"de331c4\" data-element_type=\"widget\" data-e-type=\"widget\" data-widget_type=\"jet-team-member.default\">\n\t\t\t\t<div class=\"elementor-widget-container\">\n\t\t\t\t\t<div class=\"elementor-jet-team-member jet-elements\"><div class=\"jet-team-member\">\n\t<div class=\"jet-team-member__inner\">\n\t\t\t<div class=\"jet-team-member__image\">\n\t\t\t<div class=\"jet-team-member__cover\"><\/div>\n\t\t\t<figure class=\"jet-team-member__figure\"><img decoding=\"async\" width=\"809\" height=\"540\" src=\"https:\/\/nmkt.lalaho.sk\/wp-content\/uploads\/2026\/04\/121323525_4112104705472994_6207972531017791490_n.jpg\" class=\"jet-team-member__img-tag\" alt=\"121323525_4112104705472994_6207972531017791490_n\" srcset=\"https:\/\/nmkt.lalaho.sk\/wp-content\/uploads\/2026\/04\/121323525_4112104705472994_6207972531017791490_n.jpg 809w, https:\/\/nmkt.lalaho.sk\/wp-content\/uploads\/2026\/04\/121323525_4112104705472994_6207972531017791490_n-300x200.jpg 300w, https:\/\/nmkt.lalaho.sk\/wp-content\/uploads\/2026\/04\/121323525_4112104705472994_6207972531017791490_n-768x513.jpg 768w\" sizes=\"(max-width: 809px) 100vw, 809px\" \/><\/figure>\t\t<\/div>\n\t\t<div class=\"jet-team-member__content\"><h3 class=\"jet-team-member__name\"><span class=\"jet-team-member__name-first\">Juraj<\/span><span class=\"jet-team-member__name-last\"> Ber\u00e1ts<\/span><\/h3><div class=\"jet-team-member__position\"><span>manager<\/span><\/div><div class=\"jet-team-member__socials\"><div class=\"jet-team-member__socials-item\"><a href=\"#\" aria-label=\"Twitter\" rel=\"nofollow\"><div class=\"jet-team-member__socials-icon\"><div class=\"inner\"><span class=\"jet-elements-icon\"><svg aria-hidden=\"true\" class=\"e-font-icon-svg e-fab-twitter\" viewBox=\"0 0 512 512\" xmlns=\"http:\/\/www.w3.org\/2000\/svg\"><path d=\"M459.37 151.716c.325 4.548.325 9.097.325 13.645 0 138.72-105.583 298.558-298.558 298.558-59.452 0-114.68-17.219-161.137-47.106 8.447.974 16.568 1.299 25.34 1.299 49.055 0 94.213-16.568 130.274-44.832-46.132-.975-84.792-31.188-98.112-72.772 6.498.974 12.995 1.624 19.818 1.624 9.421 0 18.843-1.3 27.614-3.573-48.081-9.747-84.143-51.98-84.143-102.985v-1.299c13.969 7.797 30.214 12.67 47.431 13.319-28.264-18.843-46.781-51.005-46.781-87.391 0-19.492 5.197-37.36 14.294-52.954 51.655 63.675 129.3 105.258 216.365 109.807-1.624-7.797-2.599-15.918-2.599-24.04 0-57.828 46.782-104.934 104.934-104.934 30.213 0 57.502 12.67 76.67 33.137 23.715-4.548 46.456-13.32 66.599-25.34-7.798 24.366-24.366 44.833-46.132 57.827 21.117-2.273 41.584-8.122 60.426-16.243-14.292 20.791-32.161 39.308-52.628 54.253z\"><\/path><\/svg><\/span><\/div><\/div><\/a><\/div><\/div><div class=\"jet-team-member__button-container\"><a class=\"elementor-button elementor-size-md jet-team-member__button\" href=\"#\">More<\/a><\/div><\/div>\n\t<\/div>\n\t<\/div>\n<\/div>\t\t\t\t<\/div>\n\t\t\t\t<\/div>\n\t\t\t\t<\/div>\n\t\t\t\t<\/div>\n\t\t<div class=\"elementor-element elementor-element-d6f2a0a e-con-full e-flex e-con e-child\" data-id=\"d6f2a0a\" data-element_type=\"container\" data-e-type=\"container\" data-settings=\"{&quot;jet_parallax_layout_list&quot;:[]}\">\n\t\t<div data-dce-background-color=\"#FFFFFF\" class=\"elementor-element elementor-element-75437e0 e-con-full e-flex e-con e-child\" data-id=\"75437e0\" data-element_type=\"container\" data-e-type=\"container\" data-settings=\"{&quot;background_background&quot;:&quot;classic&quot;,&quot;jet_parallax_layout_list&quot;:[]}\">\n\t\t\t\t<div class=\"elementor-element elementor-element-32e26cf elementor-widget elementor-widget-text-editor\" data-id=\"32e26cf\" data-element_type=\"widget\" data-e-type=\"widget\" data-widget_type=\"text-editor.default\">\n\t\t\t\t\t\t\t\t\t<p>general information:<br><a href=\"mailto:kids@newmusicforkids.org\">kids@newmusicforkids.org<\/a><\/p><p>information for composers<br><a href=\"mailto:scrores@newmusicforkids.org\">scrores@newmusicforkids.org<\/a><\/p>\t\t\t\t\t\t\t\t<\/div>\n\t\t\t\t<\/div>\n\t\t<div data-dce-background-color=\"#FFFFFF\" class=\"elementor-element elementor-element-9e31a9f e-con-full e-flex e-con e-child\" data-id=\"9e31a9f\" data-element_type=\"container\" data-e-type=\"container\" data-settings=\"{&quot;background_background&quot;:&quot;classic&quot;,&quot;jet_parallax_layout_list&quot;:[]}\">\n\t\t<div class=\"elementor-element elementor-element-b2a83ee e-con-full e-flex e-con e-child\" data-id=\"b2a83ee\" data-element_type=\"container\" data-e-type=\"container\" data-settings=\"{&quot;jet_parallax_layout_list&quot;:[]}\">\n\t\t\t\t<div class=\"elementor-element elementor-element-2ca0647 elementor-widget elementor-widget-text-editor\" data-id=\"2ca0647\" data-element_type=\"widget\" data-e-type=\"widget\" data-widget_type=\"text-editor.default\">\n\t\t\t\t\t\t\t\t\t<p>When downloading scores, you may find the following programs useful, they are free:<\/p>\t\t\t\t\t\t\t\t<\/div>\n\t\t\t\t<\/div>\n\t\t<div class=\"elementor-element elementor-element-7237699 e-con-full e-flex e-con e-child\" data-id=\"7237699\" data-element_type=\"container\" data-e-type=\"container\" data-settings=\"{&quot;jet_parallax_layout_list&quot;:[]}\">\n\t\t\t\t<div class=\"elementor-element elementor-element-d9bc50a dce_masking-none elementor-widget elementor-widget-image\" data-id=\"d9bc50a\" data-element_type=\"widget\" data-e-type=\"widget\" data-widget_type=\"image.default\">\n\t\t\t\t\t\t\t\t\t\t\t\t\t\t\t\t<a href=\"http:\/\/get.adobe.com\/reader\/\" target=\"_blank\">\n\t\t\t\t\t\t\t<img decoding=\"async\" width=\"150\" height=\"35\" src=\"https:\/\/nmkt.lalaho.sk\/wp-content\/uploads\/2026\/04\/get_adobe_reader.jpg\" class=\"attachment-large size-large wp-image-2011\" alt=\"\" \/>\t\t\t\t\t\t\t\t<\/a>\n\t\t\t\t\t\t\t\t\t\t\t\t\t\t\t<\/div>\n\t\t\t\t<div class=\"elementor-element elementor-element-1e33d95 dce_masking-none elementor-widget elementor-widget-image\" data-id=\"1e33d95\" data-element_type=\"widget\" data-e-type=\"widget\" data-widget_type=\"image.default\">\n\t\t\t\t\t\t\t\t\t\t\t\t\t\t\t\t<a href=\"http:\/\/www.7-zip.org\/download.html\" target=\"_blank\">\n\t\t\t\t\t\t\t<img loading=\"lazy\" decoding=\"async\" width=\"150\" height=\"35\" src=\"https:\/\/nmkt.lalaho.sk\/wp-content\/uploads\/2026\/04\/get_7zip.jpg\" class=\"attachment-large size-large wp-image-2010\" alt=\"\" \/>\t\t\t\t\t\t\t\t<\/a>\n\t\t\t\t\t\t\t\t\t\t\t\t\t\t\t<\/div>\n\t\t\t\t<\/div>\n\t\t\t\t<\/div>\n\t\t\t\t<\/div>\n\t\t\t\t<\/div>\n\t\t\t\t\t<\/div>\n\t\t\t\t<\/div>\n\t\t\t\t<\/div>\n\t\t","protected":false},"excerpt":{"rendered":"<p>International Society for Contemporary Music &#8211; Slovak Section (ISCM)Meden\u00e1 29811 02 Bratislava ISCM website &#8211; Slovak section Luk\u00e1\u0161 Koll\u00e1r coordinatorMore Ivan \u0160iller professional guarantorMore Juraj Ber\u00e1ts managerMore general information:kids@newmusicforkids.org information for composersscrores@newmusicforkids.org When downloading scores, you may find the following programs useful, they are free:<\/p>\n","protected":false},"author":1,"featured_media":0,"parent":0,"menu_order":0,"comment_status":"closed","ping_status":"closed","template":"","meta":{"footnotes":""},"class_list":["post-2007","page","type-page","status-publish","hentry"],"yoast_head":"<!-- This site is optimized with the Yoast SEO plugin v27.4 - https:\/\/yoast.com\/product\/yoast-seo-wordpress\/ -->\n<title>Contact - New Music for Kids and Teens<\/title>\n<meta name=\"robots\" content=\"index, follow, max-snippet:-1, max-image-preview:large, max-video-preview:-1\" \/>\n<link rel=\"canonical\" href=\"https:\/\/nmkt.lalaho.sk\/kontakt\/\" \/>\n<meta property=\"og:locale\" content=\"en_US\" \/>\n<meta property=\"og:type\" content=\"article\" \/>\n<meta property=\"og:title\" content=\"Contact - New Music for Kids and Teens\" \/>\n<meta property=\"og:description\" content=\"International Society for Contemporary Music &#8211; Slovak Section (ISCM)Meden\u00e1 29811 02 Bratislava ISCM website &#8211; Slovak section Luk\u00e1\u0161 Koll\u00e1r coordinatorMore Ivan \u0160iller professional guarantorMore Juraj Ber\u00e1ts managerMore general information:kids@newmusicforkids.org information for composersscrores@newmusicforkids.org When downloading scores, you may find the following programs useful, they are free:\" \/>\n<meta property=\"og:url\" content=\"https:\/\/nmkt.lalaho.sk\/kontakt\/\" \/>\n<meta property=\"og:site_name\" content=\"New Music for Kids and Teens\" \/>\n<meta property=\"article:publisher\" content=\"http:\/\/www.facebook.com\/newmusicforkids?ref=hl\" \/>\n<meta property=\"article:modified_time\" content=\"2026-04-17T17:14:25+00:00\" \/>\n<meta property=\"og:image\" content=\"https:\/\/nmkt.lalaho.sk\/wp-content\/plugins\/elementor\/assets\/images\/placeholder.png\" \/>\n<meta name=\"twitter:card\" content=\"summary_large_image\" \/>\n<script type=\"application\/ld+json\" class=\"yoast-schema-graph\">{\"@context\":\"https:\\\/\\\/schema.org\",\"@graph\":[{\"@type\":\"WebPage\",\"@id\":\"https:\\\/\\\/nmkt.lalaho.sk\\\/kontakt\\\/\",\"url\":\"https:\\\/\\\/nmkt.lalaho.sk\\\/kontakt\\\/\",\"name\":\"Contact - New Music for Kids and Teens\",\"isPartOf\":{\"@id\":\"https:\\\/\\\/nmkt.lalaho.sk\\\/#website\"},\"primaryImageOfPage\":{\"@id\":\"https:\\\/\\\/nmkt.lalaho.sk\\\/kontakt\\\/#primaryimage\"},\"image\":{\"@id\":\"https:\\\/\\\/nmkt.lalaho.sk\\\/kontakt\\\/#primaryimage\"},\"thumbnailUrl\":\"https:\\\/\\\/nmkt.lalaho.sk\\\/wp-content\\\/plugins\\\/elementor\\\/assets\\\/images\\\/placeholder.png\",\"datePublished\":\"2026-03-25T17:10:07+00:00\",\"dateModified\":\"2026-04-17T17:14:25+00:00\",\"breadcrumb\":{\"@id\":\"https:\\\/\\\/nmkt.lalaho.sk\\\/kontakt\\\/#breadcrumb\"},\"inLanguage\":\"en-US\",\"potentialAction\":[{\"@type\":\"ReadAction\",\"target\":[\"https:\\\/\\\/nmkt.lalaho.sk\\\/kontakt\\\/\"]}]},{\"@type\":\"ImageObject\",\"inLanguage\":\"en-US\",\"@id\":\"https:\\\/\\\/nmkt.lalaho.sk\\\/kontakt\\\/#primaryimage\",\"url\":\"https:\\\/\\\/nmkt.lalaho.sk\\\/wp-content\\\/plugins\\\/elementor\\\/assets\\\/images\\\/placeholder.png\",\"contentUrl\":\"https:\\\/\\\/nmkt.lalaho.sk\\\/wp-content\\\/plugins\\\/elementor\\\/assets\\\/images\\\/placeholder.png\"},{\"@type\":\"BreadcrumbList\",\"@id\":\"https:\\\/\\\/nmkt.lalaho.sk\\\/kontakt\\\/#breadcrumb\",\"itemListElement\":[{\"@type\":\"ListItem\",\"position\":1,\"name\":\"Domovsk\u00e1 str\u00e1nka\",\"item\":\"https:\\\/\\\/nmkt.lalaho.sk\\\/\"},{\"@type\":\"ListItem\",\"position\":2,\"name\":\"Contact\"}]},{\"@type\":\"WebSite\",\"@id\":\"https:\\\/\\\/nmkt.lalaho.sk\\\/#website\",\"url\":\"https:\\\/\\\/nmkt.lalaho.sk\\\/\",\"name\":\"New Music for Kids and Teens\",\"description\":\"hudba pre mlad\u00fdch\",\"publisher\":{\"@id\":\"https:\\\/\\\/nmkt.lalaho.sk\\\/#organization\"},\"potentialAction\":[{\"@type\":\"SearchAction\",\"target\":{\"@type\":\"EntryPoint\",\"urlTemplate\":\"https:\\\/\\\/nmkt.lalaho.sk\\\/?s={search_term_string}\"},\"query-input\":{\"@type\":\"PropertyValueSpecification\",\"valueRequired\":true,\"valueName\":\"search_term_string\"}}],\"inLanguage\":\"en-US\"},{\"@type\":\"Organization\",\"@id\":\"https:\\\/\\\/nmkt.lalaho.sk\\\/#organization\",\"name\":\"New Music for Kids and Teens\",\"url\":\"https:\\\/\\\/nmkt.lalaho.sk\\\/\",\"logo\":{\"@type\":\"ImageObject\",\"inLanguage\":\"en-US\",\"@id\":\"https:\\\/\\\/nmkt.lalaho.sk\\\/#\\\/schema\\\/logo\\\/image\\\/\",\"url\":\"https:\\\/\\\/nmkt.lalaho.sk\\\/wp-content\\\/uploads\\\/2026\\\/03\\\/logotype.png\",\"contentUrl\":\"https:\\\/\\\/nmkt.lalaho.sk\\\/wp-content\\\/uploads\\\/2026\\\/03\\\/logotype.png\",\"width\":699,\"height\":84,\"caption\":\"New Music for Kids and Teens\"},\"image\":{\"@id\":\"https:\\\/\\\/nmkt.lalaho.sk\\\/#\\\/schema\\\/logo\\\/image\\\/\"},\"sameAs\":[\"http:\\\/\\\/www.facebook.com\\\/newmusicforkids?ref=hl\",\"http:\\\/\\\/www.youtube.com\\\/iscmwnmd2013\"]}]}<\/script>\n<!-- \/ Yoast SEO plugin. -->","yoast_head_json":{"title":"Contact - New Music for Kids and Teens","robots":{"index":"index","follow":"follow","max-snippet":"max-snippet:-1","max-image-preview":"max-image-preview:large","max-video-preview":"max-video-preview:-1"},"canonical":"https:\/\/nmkt.lalaho.sk\/kontakt\/","og_locale":"en_US","og_type":"article","og_title":"Contact - New Music for Kids and Teens","og_description":"International Society for Contemporary Music &#8211; Slovak Section (ISCM)Meden\u00e1 29811 02 Bratislava ISCM website &#8211; Slovak section Luk\u00e1\u0161 Koll\u00e1r coordinatorMore Ivan \u0160iller professional guarantorMore Juraj Ber\u00e1ts managerMore general information:kids@newmusicforkids.org information for composersscrores@newmusicforkids.org When downloading scores, you may find the following programs useful, they are free:","og_url":"https:\/\/nmkt.lalaho.sk\/kontakt\/","og_site_name":"New Music for Kids and Teens","article_publisher":"http:\/\/www.facebook.com\/newmusicforkids?ref=hl","article_modified_time":"2026-04-17T17:14:25+00:00","og_image":[{"url":"https:\/\/nmkt.lalaho.sk\/wp-content\/plugins\/elementor\/assets\/images\/placeholder.png","type":"","width":"","height":""}],"twitter_card":"summary_large_image","schema":{"@context":"https:\/\/schema.org","@graph":[{"@type":"WebPage","@id":"https:\/\/nmkt.lalaho.sk\/kontakt\/","url":"https:\/\/nmkt.lalaho.sk\/kontakt\/","name":"Contact - New Music for Kids and Teens","isPartOf":{"@id":"https:\/\/nmkt.lalaho.sk\/#website"},"primaryImageOfPage":{"@id":"https:\/\/nmkt.lalaho.sk\/kontakt\/#primaryimage"},"image":{"@id":"https:\/\/nmkt.lalaho.sk\/kontakt\/#primaryimage"},"thumbnailUrl":"https:\/\/nmkt.lalaho.sk\/wp-content\/plugins\/elementor\/assets\/images\/placeholder.png","datePublished":"2026-03-25T17:10:07+00:00","dateModified":"2026-04-17T17:14:25+00:00","breadcrumb":{"@id":"https:\/\/nmkt.lalaho.sk\/kontakt\/#breadcrumb"},"inLanguage":"en-US","potentialAction":[{"@type":"ReadAction","target":["https:\/\/nmkt.lalaho.sk\/kontakt\/"]}]},{"@type":"ImageObject","inLanguage":"en-US","@id":"https:\/\/nmkt.lalaho.sk\/kontakt\/#primaryimage","url":"https:\/\/nmkt.lalaho.sk\/wp-content\/plugins\/elementor\/assets\/images\/placeholder.png","contentUrl":"https:\/\/nmkt.lalaho.sk\/wp-content\/plugins\/elementor\/assets\/images\/placeholder.png"},{"@type":"BreadcrumbList","@id":"https:\/\/nmkt.lalaho.sk\/kontakt\/#breadcrumb","itemListElement":[{"@type":"ListItem","position":1,"name":"Domovsk\u00e1 str\u00e1nka","item":"https:\/\/nmkt.lalaho.sk\/"},{"@type":"ListItem","position":2,"name":"Contact"}]},{"@type":"WebSite","@id":"https:\/\/nmkt.lalaho.sk\/#website","url":"https:\/\/nmkt.lalaho.sk\/","name":"New Music for Kids and Teens","description":"hudba pre mlad\u00fdch","publisher":{"@id":"https:\/\/nmkt.lalaho.sk\/#organization"},"potentialAction":[{"@type":"SearchAction","target":{"@type":"EntryPoint","urlTemplate":"https:\/\/nmkt.lalaho.sk\/?s={search_term_string}"},"query-input":{"@type":"PropertyValueSpecification","valueRequired":true,"valueName":"search_term_string"}}],"inLanguage":"en-US"},{"@type":"Organization","@id":"https:\/\/nmkt.lalaho.sk\/#organization","name":"New Music for Kids and Teens","url":"https:\/\/nmkt.lalaho.sk\/","logo":{"@type":"ImageObject","inLanguage":"en-US","@id":"https:\/\/nmkt.lalaho.sk\/#\/schema\/logo\/image\/","url":"https:\/\/nmkt.lalaho.sk\/wp-content\/uploads\/2026\/03\/logotype.png","contentUrl":"https:\/\/nmkt.lalaho.sk\/wp-content\/uploads\/2026\/03\/logotype.png","width":699,"height":84,"caption":"New Music for Kids and Teens"},"image":{"@id":"https:\/\/nmkt.lalaho.sk\/#\/schema\/logo\/image\/"},"sameAs":["http:\/\/www.facebook.com\/newmusicforkids?ref=hl","http:\/\/www.youtube.com\/iscmwnmd2013"]}]}},"_links":{"self":[{"href":"https:\/\/nmkt.lalaho.sk\/en\/wp-json\/wp\/v2\/pages\/2007","targetHints":{"allow":["GET"]}}],"collection":[{"href":"https:\/\/nmkt.lalaho.sk\/en\/wp-json\/wp\/v2\/pages"}],"about":[{"href":"https:\/\/nmkt.lalaho.sk\/en\/wp-json\/wp\/v2\/types\/page"}],"author":[{"embeddable":true,"href":"https:\/\/nmkt.lalaho.sk\/en\/wp-json\/wp\/v2\/users\/1"}],"replies":[{"embeddable":true,"href":"https:\/\/nmkt.lalaho.sk\/en\/wp-json\/wp\/v2\/comments?post=2007"}],"version-history":[{"count":3,"href":"https:\/\/nmkt.lalaho.sk\/en\/wp-json\/wp\/v2\/pages\/2007\/revisions"}],"predecessor-version":[{"id":2176,"href":"https:\/\/nmkt.lalaho.sk\/en\/wp-json\/wp\/v2\/pages\/2007\/revisions\/2176"}],"wp:attachment":[{"href":"https:\/\/nmkt.lalaho.sk\/en\/wp-json\/wp\/v2\/media?parent=2007"}],"curies":[{"name":"wp","href":"https:\/\/api.w.org\/{rel}","templated":true}]}}